{"id":72,"date":"2023-12-23T14:51:29","date_gmt":"2023-12-23T12:51:29","guid":{"rendered":"https:\/\/tuuriralli.fi\/?page_id=72"},"modified":"2026-01-08T18:35:39","modified_gmt":"2026-01-08T16:35:39","slug":"virallinen-ilmoitustaulu","status":"publish","type":"page","link":"https:\/\/tuuriralli.fi\/index.php\/virallinen-ilmoitustaulu\/","title":{"rendered":"Virallinen ilmoitustaulu\/Official Noticeboard"},"content":{"rendered":"\t\t<div data-elementor-type=\"wp-page\" data-elementor-id=\"72\" class=\"elementor elementor-72\" data-elementor-post-type=\"page\">\n\t\t\t\t<div class=\"elementor-element elementor-element-9b97789 e-flex e-con-boxed e-con e-parent\" data-id=\"9b97789\" data-element_type=\"container\">\n\t\t\t\t\t<div class=\"e-con-inner\">\n\t\t<div class=\"elementor-element elementor-element-0edd3ba e-con-full e-flex e-con e-child\" data-id=\"0edd3ba\" data-element_type=\"container\">\n\t\t\t\t<div class=\"elementor-element elementor-element-e9562b4 elementor-widget elementor-widget-text-editor\" data-id=\"e9562b4\" data-element_type=\"widget\" data-widget_type=\"text-editor.default\">\n\t\t\t\t<div class=\"elementor-widget-container\">\n\t\t\t\t\t\t\t\t\t<p>Kilpailun virallinen ilmoitustaulu l\u00f6ytyy Sportity palvelusta mobiilisovelluksesta sek\u00e4 t\u00e4lt\u00e4 sivustolta (salasana <strong>TR2026<\/strong>).\u00a0<\/p>\t\t\t\t\t\t\t\t<\/div>\n\t\t\t\t<\/div>\n\t\t\t\t<\/div>\n\t\t<div class=\"elementor-element elementor-element-ac522a7 e-con-full e-flex e-con e-child\" data-id=\"ac522a7\" data-element_type=\"container\">\n\t\t\t\t<div class=\"elementor-element elementor-element-21b3619 elementor-widget elementor-widget-text-editor\" data-id=\"21b3619\" data-element_type=\"widget\" data-widget_type=\"text-editor.default\">\n\t\t\t\t<div class=\"elementor-widget-container\">\n\t\t\t\t\t\t\t\t\t<p>The Virtual Official Noticeboard can be found in the Sportity platform and can be accessed through the mobile application and this website. Password is <strong>TR2026<\/strong><\/p>\t\t\t\t\t\t\t\t<\/div>\n\t\t\t\t<\/div>\n\t\t\t\t<\/div>\n\t\t\t\t\t<\/div>\n\t\t\t\t<\/div>\n\t\t<div class=\"elementor-element elementor-element-fa438ac e-flex e-con-boxed e-con e-parent\" data-id=\"fa438ac\" data-element_type=\"container\">\n\t\t\t\t\t<div class=\"e-con-inner\">\n\t\t<div class=\"elementor-element elementor-element-6c17044 e-con-full e-flex e-con e-child\" data-id=\"6c17044\" data-element_type=\"container\">\n\t\t\t\t<div class=\"elementor-element elementor-element-575976d elementor-widget elementor-widget-text-editor\" data-id=\"575976d\" data-element_type=\"widget\" data-widget_type=\"text-editor.default\">\n\t\t\t\t<div class=\"elementor-widget-container\">\n\t\t\t\t\t\t\t\t\t<p><strong>Lataa sportity-sovellus puhelimellesi:<\/strong><\/p>\t\t\t\t\t\t\t\t<\/div>\n\t\t\t\t<\/div>\n\t\t\t\t<\/div>\n\t\t<div class=\"elementor-element elementor-element-dfd4071 e-con-full e-flex e-con e-child\" data-id=\"dfd4071\" data-element_type=\"container\">\n\t\t\t\t<div class=\"elementor-element elementor-element-f9f26e0 elementor-widget elementor-widget-text-editor\" data-id=\"f9f26e0\" data-element_type=\"widget\" data-widget_type=\"text-editor.default\">\n\t\t\t\t<div class=\"elementor-widget-container\">\n\t\t\t\t\t\t\t\t\t<p><strong>Sportity-koodi:<\/strong><\/p>\t\t\t\t\t\t\t\t<\/div>\n\t\t\t\t<\/div>\n\t\t\t\t<\/div>\n\t\t<div class=\"elementor-element elementor-element-2cab259 e-con-full e-flex e-con e-child\" data-id=\"2cab259\" data-element_type=\"container\">\n\t\t\t\t<div class=\"elementor-element elementor-element-725214d elementor-widget elementor-widget-image\" data-id=\"725214d\" data-element_type=\"widget\" data-widget_type=\"image.default\">\n\t\t\t\t<div class=\"elementor-widget-container\">\n\t\t\t\t\t\t\t\t\t\t\t\t\t\t\t\t<a href=\"https:\/\/apps.apple.com\/us\/app\/sportity\/id1344934434\" target=\"_blank\">\n\t\t\t\t\t\t\t<img fetchpriority=\"high\" decoding=\"async\" width=\"750\" height=\"259\" src=\"https:\/\/i0.wp.com\/tuuriralli.fi\/wp-content\/uploads\/2023\/12\/apple-app-store-logo-scaled.jpg?fit=750%2C259&amp;ssl=1\" class=\"attachment-large size-large wp-image-180\" alt=\"\" srcset=\"https:\/\/i0.wp.com\/tuuriralli.fi\/wp-content\/uploads\/2023\/12\/apple-app-store-logo-scaled.jpg?w=2560&amp;ssl=1 2560w, https:\/\/i0.wp.com\/tuuriralli.fi\/wp-content\/uploads\/2023\/12\/apple-app-store-logo-scaled.jpg?resize=300%2C104&amp;ssl=1 300w, https:\/\/i0.wp.com\/tuuriralli.fi\/wp-content\/uploads\/2023\/12\/apple-app-store-logo-scaled.jpg?resize=1024%2C354&amp;ssl=1 1024w, https:\/\/i0.wp.com\/tuuriralli.fi\/wp-content\/uploads\/2023\/12\/apple-app-store-logo-scaled.jpg?resize=768%2C265&amp;ssl=1 768w, https:\/\/i0.wp.com\/tuuriralli.fi\/wp-content\/uploads\/2023\/12\/apple-app-store-logo-scaled.jpg?resize=1536%2C531&amp;ssl=1 1536w, https:\/\/i0.wp.com\/tuuriralli.fi\/wp-content\/uploads\/2023\/12\/apple-app-store-logo-scaled.jpg?resize=2048%2C708&amp;ssl=1 2048w, https:\/\/i0.wp.com\/tuuriralli.fi\/wp-content\/uploads\/2023\/12\/apple-app-store-logo-scaled.jpg?w=2250&amp;ssl=1 2250w\" sizes=\"(max-width: 750px) 100vw, 750px\" \/>\t\t\t\t\t\t\t\t<\/a>\n\t\t\t\t\t\t\t\t\t\t\t\t\t\t\t<\/div>\n\t\t\t\t<\/div>\n\t\t\t\t<\/div>\n\t\t<div class=\"elementor-element elementor-element-8b904af e-con-full e-flex e-con e-child\" data-id=\"8b904af\" data-element_type=\"container\">\n\t\t\t\t<div class=\"elementor-element elementor-element-cab816d elementor-widget elementor-widget-image\" data-id=\"cab816d\" data-element_type=\"widget\" data-widget_type=\"image.default\">\n\t\t\t\t<div class=\"elementor-widget-container\">\n\t\t\t\t\t\t\t\t\t\t\t\t\t\t\t\t<a href=\"https:\/\/play.google.com\/store\/apps\/details?id=com.sportity.app&#038;hl=fi&#038;gl=US&#038;pli=1\" target=\"_blank\">\n\t\t\t\t\t\t\t<img decoding=\"async\" width=\"646\" height=\"250\" src=\"https:\/\/i0.wp.com\/tuuriralli.fi\/wp-content\/uploads\/2023\/12\/google-play-badge.png?fit=646%2C250&amp;ssl=1\" class=\"attachment-large size-large wp-image-181\" alt=\"\" srcset=\"https:\/\/i0.wp.com\/tuuriralli.fi\/wp-content\/uploads\/2023\/12\/google-play-badge.png?w=646&amp;ssl=1 646w, https:\/\/i0.wp.com\/tuuriralli.fi\/wp-content\/uploads\/2023\/12\/google-play-badge.png?resize=300%2C116&amp;ssl=1 300w\" sizes=\"(max-width: 646px) 100vw, 646px\" \/>\t\t\t\t\t\t\t\t<\/a>\n\t\t\t\t\t\t\t\t\t\t\t\t\t\t\t<\/div>\n\t\t\t\t<\/div>\n\t\t\t\t<\/div>\n\t\t<div class=\"elementor-element elementor-element-8d4bf85 e-con-full e-flex e-con e-child\" data-id=\"8d4bf85\" data-element_type=\"container\">\n\t\t\t\t<div class=\"elementor-element elementor-element-a83af89 elementor-widget elementor-widget-spacer\" data-id=\"a83af89\" data-element_type=\"widget\" data-widget_type=\"spacer.default\">\n\t\t\t\t<div class=\"elementor-widget-container\">\n\t\t\t\t\t\t\t<div class=\"elementor-spacer\">\n\t\t\t<div class=\"elementor-spacer-inner\"><\/div>\n\t\t<\/div>\n\t\t\t\t\t\t<\/div>\n\t\t\t\t<\/div>\n\t\t\t\t<div class=\"elementor-element elementor-element-c9fd65d elementor-widget elementor-widget-text-editor\" data-id=\"c9fd65d\" data-element_type=\"widget\" data-widget_type=\"text-editor.default\">\n\t\t\t\t<div class=\"elementor-widget-container\">\n\t\t\t\t\t\t\t\t\t<p>Tuuri Historic ralli salasana\/password: <span>TR2026<\/span><\/p>\t\t\t\t\t\t\t\t<\/div>\n\t\t\t\t<\/div>\n\t\t\t\t<\/div>\n\t\t\t\t\t<\/div>\n\t\t\t\t<\/div>\n\t\t<div class=\"elementor-element elementor-element-0deb54c e-flex e-con-boxed e-con e-parent\" data-id=\"0deb54c\" data-element_type=\"container\">\n\t\t\t\t\t<div class=\"e-con-inner\">\n\t\t\t\t<div class=\"elementor-element elementor-element-1710dd6 elementor-widget elementor-widget-html\" data-id=\"1710dd6\" data-element_type=\"widget\" data-widget_type=\"html.default\">\n\t\t\t\t<div class=\"elementor-widget-container\">\n\t\t\t\t\t<div class=\"wp-block-columns alignfull\">\n<div class=\"wp-block-column\"> <iframe style=\"width: 100%; max-width: 100%; height: 500px;\" src=\"https:\/\/webapp.sportity.com\/channel\/TR2026\" class=\" alignfull\" frameborder=\"0\"><span data-mce-type=\"bookmark\" style=\"display: inline-block; width: 0px; overflow: hidden; line-height: 0;\" class=\"mce_SELRES_start\"> <\/span><\/iframe> <\/div>\n<\/div>\t\t\t\t<\/div>\n\t\t\t\t<\/div>\n\t\t\t\t<div class=\"elementor-element elementor-element-13baacf elementor-widget elementor-widget-text-editor\" data-id=\"13baacf\" data-element_type=\"widget\" data-widget_type=\"text-editor.default\">\n\t\t\t\t<div class=\"elementor-widget-container\">\n\t\t\t\t\t\t\t\t\t<div class=\"wp-block-columns alignfull\">\n<div class=\"wp-block-column\">\u00a0\u00a0<\/div>\n<\/div>\t\t\t\t\t\t\t\t<\/div>\n\t\t\t\t<\/div>\n\t\t\t\t\t<\/div>\n\t\t\t\t<\/div>\n\t\t<div class=\"elementor-element elementor-element-6b7825d e-flex e-con-boxed e-con e-parent\" data-id=\"6b7825d\" data-element_type=\"container\">\n\t\t\t\t\t<div class=\"e-con-inner\">\n\t\t\t\t\t<\/div>\n\t\t\t\t<\/div>\n\t\t\t\t<\/div>\n\t\t","protected":false},"excerpt":{"rendered":"<p>Kilpailun virallinen ilmoitustaulu l\u00f6ytyy Sportity palvelusta mobiilisovelluksesta sek\u00e4 t\u00e4lt\u00e4 sivustolta (salasana TR2026).\u00a0 The Virtual Official Noticeboard can be found in the Sportity platform and can be accessed through the mobile application and this website. Password is TR2026 Lataa sportity-sovellus puhelimellesi: Sportity-koodi: Tuuri Historic ralli salasana\/password: TR2026<\/p>\n","protected":false},"author":1,"featured_media":1242,"parent":0,"menu_order":0,"comment_status":"closed","ping_status":"closed","template":"page-templates\/template-fullwidth.php","meta":{"_monsterinsights_skip_tracking":false,"_monsterinsights_sitenote_active":false,"_monsterinsights_sitenote_note":"","_monsterinsights_sitenote_category":0,"footnotes":""},"class_list":["post-72","page","type-page","status-publish","has-post-thumbnail","hentry"],"jetpack_sharing_enabled":true,"_links":{"self":[{"href":"https:\/\/tuuriralli.fi\/index.php\/wp-json\/wp\/v2\/pages\/72","targetHints":{"allow":["GET"]}}],"collection":[{"href":"https:\/\/tuuriralli.fi\/index.php\/wp-json\/wp\/v2\/pages"}],"about":[{"href":"https:\/\/tuuriralli.fi\/index.php\/wp-json\/wp\/v2\/types\/page"}],"author":[{"embeddable":true,"href":"https:\/\/tuuriralli.fi\/index.php\/wp-json\/wp\/v2\/users\/1"}],"replies":[{"embeddable":true,"href":"https:\/\/tuuriralli.fi\/index.php\/wp-json\/wp\/v2\/comments?post=72"}],"version-history":[{"count":81,"href":"https:\/\/tuuriralli.fi\/index.php\/wp-json\/wp\/v2\/pages\/72\/revisions"}],"predecessor-version":[{"id":1394,"href":"https:\/\/tuuriralli.fi\/index.php\/wp-json\/wp\/v2\/pages\/72\/revisions\/1394"}],"wp:featuredmedia":[{"embeddable":true,"href":"https:\/\/tuuriralli.fi\/index.php\/wp-json\/wp\/v2\/media\/1242"}],"wp:attachment":[{"href":"https:\/\/tuuriralli.fi\/index.php\/wp-json\/wp\/v2\/media?parent=72"}],"curies":[{"name":"wp","href":"https:\/\/api.w.org\/{rel}","templated":true}]}}