{"id":76,"date":"2023-12-23T14:52:46","date_gmt":"2023-12-23T12:52:46","guid":{"rendered":"https:\/\/tuuriralli.fi\/?page_id=76"},"modified":"2026-02-07T18:12:39","modified_gmt":"2026-02-07T16:12:39","slug":"katsojat","status":"publish","type":"page","link":"https:\/\/tuuriralli.fi\/index.php\/katsojat\/","title":{"rendered":"Katsojat\/Spectators"},"content":{"rendered":"\t\t<div data-elementor-type=\"wp-page\" data-elementor-id=\"76\" class=\"elementor elementor-76\" data-elementor-post-type=\"page\">\n\t\t\t\t<div class=\"elementor-element elementor-element-d15fdfc e-flex e-con-boxed e-con e-parent\" data-id=\"d15fdfc\" data-element_type=\"container\">\n\t\t\t\t\t<div class=\"e-con-inner\">\n\t\t<div class=\"elementor-element elementor-element-10a7dd2 e-con-full e-flex e-con e-child\" data-id=\"10a7dd2\" data-element_type=\"container\">\n\t\t\t\t<div class=\"elementor-element elementor-element-39631a9 elementor-widget elementor-widget-heading\" data-id=\"39631a9\" data-element_type=\"widget\" data-widget_type=\"heading.default\">\n\t\t\t\t<div class=\"elementor-widget-container\">\n\t\t\t\t\t<h2 class=\"elementor-heading-title elementor-size-default\">Rallipaketit ja liput<\/h2>\t\t\t\t<\/div>\n\t\t\t\t<\/div>\n\t\t\t\t<div class=\"elementor-element elementor-element-2ec4aab elementor-widget elementor-widget-text-editor\" data-id=\"2ec4aab\" data-element_type=\"widget\" data-widget_type=\"text-editor.default\">\n\t\t\t\t<div class=\"elementor-widget-container\">\n\t\t\t\t\t\t\t\t\t<p><strong>Rallipaketit:<\/strong> 25\u20ac\/kpl sis. sis\u00e4\u00e4np\u00e4\u00e4syn kaikille erikoiskokeille 2 henkil\u00f6lle<\/p><p><strong>EK-P\u00e4\u00e4sylippu:<\/strong> 10\u20ac (k\u00e4teinen ja Mobilepay)<\/p><p>12-vuotiaat ja sit\u00e4 nuoremmat p\u00e4\u00e4sev\u00e4t maksutta.<\/p>\t\t\t\t\t\t\t\t<\/div>\n\t\t\t\t<\/div>\n\t\t\t\t<\/div>\n\t\t<div class=\"elementor-element elementor-element-0181ff8 e-con-full e-flex e-con e-child\" data-id=\"0181ff8\" data-element_type=\"container\">\n\t\t\t\t<div class=\"elementor-element elementor-element-9fefc61 elementor-widget elementor-widget-heading\" data-id=\"9fefc61\" data-element_type=\"widget\" data-widget_type=\"heading.default\">\n\t\t\t\t<div class=\"elementor-widget-container\">\n\t\t\t\t\t<h2 class=\"elementor-heading-title elementor-size-default\">Tickets<\/h2>\t\t\t\t<\/div>\n\t\t\t\t<\/div>\n\t\t\t\t<div class=\"elementor-element elementor-element-ea705d7 elementor-widget elementor-widget-text-editor\" data-id=\"ea705d7\" data-element_type=\"widget\" data-widget_type=\"text-editor.default\">\n\t\t\t\t<div class=\"elementor-widget-container\">\n\t\t\t\t\t\t\t\t\t<p><strong>Rallypackage:\u00a0<\/strong>25\u20ac includes admission for 2 persons<\/p><p><strong>Single Special Stage ticket: <\/strong>10\u20ac (cash and Mobilepay)<\/p><p>Children 12 years and under free entry.<\/p>\t\t\t\t\t\t\t\t<\/div>\n\t\t\t\t<\/div>\n\t\t\t\t<\/div>\n\t\t\t\t\t<\/div>\n\t\t\t\t<\/div>\n\t\t<div class=\"elementor-element elementor-element-3150cc3 e-flex e-con-boxed e-con e-parent\" data-id=\"3150cc3\" data-element_type=\"container\">\n\t\t\t\t\t<div class=\"e-con-inner\">\n\t\t<div class=\"elementor-element elementor-element-a81c691 e-con-full e-flex e-con e-child\" data-id=\"a81c691\" data-element_type=\"container\">\n\t\t\t\t<div class=\"elementor-element elementor-element-76825d2 elementor-widget elementor-widget-heading\" data-id=\"76825d2\" data-element_type=\"widget\" data-widget_type=\"heading.default\">\n\t\t\t\t<div class=\"elementor-widget-container\">\n\t\t\t\t\t<h2 class=\"elementor-heading-title elementor-size-default\">Rallipakettien myyntipaikat 6.-7.2.2026<\/h2>\t\t\t\t<\/div>\n\t\t\t\t<\/div>\n\t\t\t\t<div class=\"elementor-element elementor-element-f33315b elementor-widget elementor-widget-text-editor\" data-id=\"f33315b\" data-element_type=\"widget\" data-widget_type=\"text-editor.default\">\n\t\t\t\t<div class=\"elementor-widget-container\">\n\t\t\t\t\t\t\t\t\t<div><p>JM-Rally Parc Ferm\u00e9, Tuuri (k\u00e4teinen ja kortti)<\/p><p>Huoltoasema Onnenliekki, Tuuri (k\u00e4teinen ja kortti)<\/p><p>Kilpailukeskus, Keskisen Kyl\u00e4kauppa Ruokapuoti, Tuuri (k\u00e4teinen ja MobilePay)<\/p><\/div><p>Neste \u00c4ht\u00e4ri (k\u00e4teinen ja kortti)<\/p><p>Neste Kuortane (k\u00e4teinen)<\/p>\t\t\t\t\t\t\t\t<\/div>\n\t\t\t\t<\/div>\n\t\t\t\t<\/div>\n\t\t<div class=\"elementor-element elementor-element-57f7bd9 e-con-full e-flex e-con e-child\" data-id=\"57f7bd9\" data-element_type=\"container\">\n\t\t\t\t<div class=\"elementor-element elementor-element-d377257 elementor-widget elementor-widget-heading\" data-id=\"d377257\" data-element_type=\"widget\" data-widget_type=\"heading.default\">\n\t\t\t\t<div class=\"elementor-widget-container\">\n\t\t\t\t\t<h2 class=\"elementor-heading-title elementor-size-default\">Rallypacket sale points 6.-7.2.2026<\/h2>\t\t\t\t<\/div>\n\t\t\t\t<\/div>\n\t\t\t\t<div class=\"elementor-element elementor-element-661617b elementor-widget elementor-widget-text-editor\" data-id=\"661617b\" data-element_type=\"widget\" data-widget_type=\"text-editor.default\">\n\t\t\t\t<div class=\"elementor-widget-container\">\n\t\t\t\t\t\t\t\t\t<p>JM-Rally Parc Ferm\u00e9, Tuuri (cash and card)<\/p><p>Huoltoasema Onnenliekki, Tuuri (cash and card)<\/p><p>Competiton Center, Keskisen Kyl\u00e4kauppa Ruokapuoti, Tuuri (cash and MobilePay)<\/p><p>Neste \u00c4ht\u00e4ri (cash)<\/p><p>Neste Kuortane<\/p>\t\t\t\t\t\t\t\t<\/div>\n\t\t\t\t<\/div>\n\t\t\t\t<\/div>\n\t\t\t\t\t<\/div>\n\t\t\t\t<\/div>\n\t\t<div class=\"elementor-element elementor-element-ed9ee38 e-flex e-con-boxed e-con e-parent\" data-id=\"ed9ee38\" data-element_type=\"container\">\n\t\t\t\t\t<div class=\"e-con-inner\">\n\t\t<div class=\"elementor-element elementor-element-07ea1fc e-con-full e-flex e-con e-child\" data-id=\"07ea1fc\" data-element_type=\"container\">\n\t\t\t\t<div class=\"elementor-element elementor-element-7c9f76c elementor-widget elementor-widget-heading\" data-id=\"7c9f76c\" data-element_type=\"widget\" data-widget_type=\"heading.default\">\n\t\t\t\t<div class=\"elementor-widget-container\">\n\t\t\t\t\t<h2 class=\"elementor-heading-title elementor-size-default\">Tuuri Historic ralli<\/h2>\t\t\t\t<\/div>\n\t\t\t\t<\/div>\n\t\t\t\t<div class=\"elementor-element elementor-element-2d0963c elementor-widget elementor-widget-text-editor\" data-id=\"2d0963c\" data-element_type=\"widget\" data-widget_type=\"text-editor.default\">\n\t\t\t\t<div class=\"elementor-widget-container\">\n\t\t\t\t\t\t\t\t\t<p><a href=\"https:\/\/tuuriralli.fi\/wp-content\/uploads\/2026\/02\/Kilpailuun-hyvaksyttyjen-lista.pdf\">Kilpailuun hyv\u00e4ksytyt<\/a><\/p><p><a href=\"https:\/\/tuuriralli.fi\/wp-content\/uploads\/2026\/02\/Aloituslista-10_57-1.pdf\">L\u00e4ht\u00f6lista<\/a><\/p><p><a href=\"https:\/\/tuuriralli.fi\/wp-content\/uploads\/2026\/01\/Aikataulu-1.pdf\">Aikataulu<\/a><\/p><p><a href=\"https:\/\/www.tulospalvelu.fi\/gps\/T20H26\/?map=MML3\">GPS seuranta<\/a><\/p><p><a href=\"https:\/\/raceconsulting.com\/rally\/resultat\/index.jsp?lang=fi\">Tulospalvelu<\/a><\/p><p><a href=\"https:\/\/tuuriralli.fi\/wp-content\/uploads\/2026\/02\/Tuuri_Ralli_2026_nettiin-2.pdf\">Katsojaopas<\/a><\/p><p><a href=\"https:\/\/hrcf.fi\/wp-content\/uploads\/2026\/01\/HRT-pistetilanteet_korjattu-kartturin-nimi.pdf\">Sarjapisteet<\/a><\/p><p>Turvallisuus: lue turvallisuusohjeet <a href=\"https:\/\/tuuriralli.fi\/wp-content\/uploads\/2026\/01\/Turvallisuusohjeet.pdf\">t\u00e4st\u00e4<\/a>!<\/p>\t\t\t\t\t\t\t\t<\/div>\n\t\t\t\t<\/div>\n\t\t\t\t<\/div>\n\t\t<div class=\"elementor-element elementor-element-c50bf45 e-con-full e-flex e-con e-child\" data-id=\"c50bf45\" data-element_type=\"container\">\n\t\t\t\t<div class=\"elementor-element elementor-element-92126de elementor-widget elementor-widget-heading\" data-id=\"92126de\" data-element_type=\"widget\" data-widget_type=\"heading.default\">\n\t\t\t\t<div class=\"elementor-widget-container\">\n\t\t\t\t\t<h2 class=\"elementor-heading-title elementor-size-default\">Tuuri Historic rally<\/h2>\t\t\t\t<\/div>\n\t\t\t\t<\/div>\n\t\t\t\t<div class=\"elementor-element elementor-element-cf6238e elementor-widget elementor-widget-text-editor\" data-id=\"cf6238e\" data-element_type=\"widget\" data-widget_type=\"text-editor.default\">\n\t\t\t\t<div class=\"elementor-widget-container\">\n\t\t\t\t\t\t\t\t\t<p><a href=\"https:\/\/tuuriralli.fi\/wp-content\/uploads\/2026\/02\/Kilpailuun-hyvaksyttyjen-lista.pdf\">Entry list<\/a><\/p><p><a href=\"https:\/\/tuuriralli.fi\/wp-content\/uploads\/2026\/02\/Aloituslista-10_57-1.pdf\">Start list<\/a><\/p><p><a href=\"https:\/\/tuuriralli.fi\/wp-content\/uploads\/2026\/01\/Aikataulu-1.pdf\">Itinerary<\/a><\/p><p><a href=\"https:\/\/www.tulospalvelu.fi\/gps\/T20H26\/?map=MML3\">GPS tracking<\/a><\/p><p><a href=\"https:\/\/raceconsulting.com\/rally\/resultat\/index.jsp?lang=fi\">Live timing<\/a><\/p><p><a href=\"https:\/\/tuuriralli.fi\/wp-content\/uploads\/2026\/02\/Tuuri_Ralli_2026_nettiin-2.pdf\">Spectators guide<\/a><\/p><p><a href=\"https:\/\/hrcf.fi\/wp-content\/uploads\/2026\/01\/HRT-pistetilanteet_korjattu-kartturin-nimi.pdf\">Standings<\/a><\/p><p>Safety: please read safety instructions <a href=\"https:\/\/tuuriralli.fi\/wp-content\/uploads\/2024\/03\/Safety-guide.pdf\">here<\/a>!<\/p>\t\t\t\t\t\t\t\t<\/div>\n\t\t\t\t<\/div>\n\t\t\t\t<\/div>\n\t\t\t\t\t<\/div>\n\t\t\t\t<\/div>\n\t\t<div class=\"elementor-element elementor-element-755c183 e-flex e-con-boxed e-con e-parent\" data-id=\"755c183\" data-element_type=\"container\">\n\t\t\t\t\t<div class=\"e-con-inner\">\n\t\t\t\t\t<\/div>\n\t\t\t\t<\/div>\n\t\t<div class=\"elementor-element elementor-element-e57ac1e e-flex e-con-boxed e-con e-parent\" data-id=\"e57ac1e\" data-element_type=\"container\">\n\t\t\t\t\t<div class=\"e-con-inner\">\n\t\t<div class=\"elementor-element elementor-element-3ca9c34 e-flex e-con-boxed e-con e-child\" data-id=\"3ca9c34\" data-element_type=\"container\">\n\t\t\t\t\t<div class=\"e-con-inner\">\n\t\t<div class=\"elementor-element elementor-element-da3a553 e-con-full e-flex e-con e-child\" data-id=\"da3a553\" data-element_type=\"container\">\n\t\t\t\t<div class=\"elementor-element elementor-element-1a26d7f elementor-widget elementor-widget-heading\" data-id=\"1a26d7f\" data-element_type=\"widget\" data-widget_type=\"heading.default\">\n\t\t\t\t<div class=\"elementor-widget-container\">\n\t\t\t\t\t<h2 class=\"elementor-heading-title elementor-size-default\">Majoitus<\/h2>\t\t\t\t<\/div>\n\t\t\t\t<\/div>\n\t\t\t\t<\/div>\n\t\t<div class=\"elementor-element elementor-element-b7e8092 e-con-full e-flex e-con e-child\" data-id=\"b7e8092\" data-element_type=\"container\">\n\t\t\t\t<div class=\"elementor-element elementor-element-5d5246b elementor-widget elementor-widget-heading\" data-id=\"5d5246b\" data-element_type=\"widget\" data-widget_type=\"heading.default\">\n\t\t\t\t<div class=\"elementor-widget-container\">\n\t\t\t\t\t<h2 class=\"elementor-heading-title elementor-size-default\">Accommodation<\/h2>\t\t\t\t<\/div>\n\t\t\t\t<\/div>\n\t\t\t\t<\/div>\n\t\t\t\t\t<\/div>\n\t\t\t\t<\/div>\n\t\t<div class=\"elementor-element elementor-element-3ec280b e-flex e-con-boxed e-con e-child\" data-id=\"3ec280b\" data-element_type=\"container\">\n\t\t\t\t\t<div class=\"e-con-inner\">\n\t\t\t\t\t<\/div>\n\t\t\t\t<\/div>\n\t\t\t\t\t<\/div>\n\t\t\t\t<\/div>\n\t\t<div class=\"elementor-element elementor-element-e02970c e-flex e-con-boxed e-con e-parent\" data-id=\"e02970c\" data-element_type=\"container\">\n\t\t\t\t\t<div class=\"e-con-inner\">\n\t\t<div class=\"elementor-element elementor-element-031b738 e-con-full e-flex e-con e-child\" data-id=\"031b738\" data-element_type=\"container\">\n\t\t\t\t<div class=\"elementor-element elementor-element-947d3a2 elementor-widget elementor-widget-heading\" data-id=\"947d3a2\" data-element_type=\"widget\" data-widget_type=\"heading.default\">\n\t\t\t\t<div class=\"elementor-widget-container\">\n\t\t\t\t\t<h3 class=\"elementor-heading-title elementor-size-default\">Hotelli Alavus<\/h3>\t\t\t\t<\/div>\n\t\t\t\t<\/div>\n\t\t\t\t<div class=\"elementor-element elementor-element-231fc24 elementor-widget elementor-widget-text-editor\" data-id=\"231fc24\" data-element_type=\"widget\" data-widget_type=\"text-editor.default\">\n\t\t\t\t<div class=\"elementor-widget-container\">\n\t\t\t\t\t\t\t\t\t<p class=\"p1\"><b>Hotelli Alavus<\/b> sijaitsee 5 min ajomatkan p\u00e4\u00e4ss\u00e4 Keskisen Kyl\u00e4kaupalta. 18 huoneen sympaattisessa hotellissa olet keskell\u00e4 rallitapahtumia. Hotellissa tullaan j\u00e4rjest\u00e4m\u00e4\u00e4n viralliset rallijatkot la. Tarjolla 1-3h huoneita. Huonehinnat eiv\u00e4t sis\u00e4ll\u00e4 aamupalaa, mutta huoneessa on tarjolla pikakahvia ja omien ev\u00e4iden s\u00e4ilytyst\u00e4 varten viile\u00e4kaappi. <br \/>Varaa majoitus <br \/><strong><a href=\"http:\/\/www.hotellialavus.fi\/\" target=\"_blank\" rel=\"noopener\"><span class=\"s1\">www.hotellialavus.fi<\/span><\/a><\/strong>.<\/p><p class=\"p1\">Hotelli Alavuden saunavaraukset ja lis\u00e4tiedot <br \/><strong>Puh. 010 770 7003<\/strong><br \/>\u00a0<strong><a href=\"mailto:hotellialavus@tuuri.fi\"><span class=\"s1\">hotellialavus@tuuri.fi<\/span><\/a><\/strong><\/p>\t\t\t\t\t\t\t\t<\/div>\n\t\t\t\t<\/div>\n\t\t\t\t<\/div>\n\t\t<div class=\"elementor-element elementor-element-7e68e53 e-con-full e-flex e-con e-child\" data-id=\"7e68e53\" data-element_type=\"container\">\n\t\t\t\t<div class=\"elementor-element elementor-element-6cd654a elementor-widget elementor-widget-heading\" data-id=\"6cd654a\" data-element_type=\"widget\" data-widget_type=\"heading.default\">\n\t\t\t\t<div class=\"elementor-widget-container\">\n\t\t\t\t\t<h3 class=\"elementor-heading-title elementor-size-default\">Hotel Alavus<\/h3>\t\t\t\t<\/div>\n\t\t\t\t<\/div>\n\t\t\t\t<div class=\"elementor-element elementor-element-d47d2b2 elementor-widget elementor-widget-text-editor\" data-id=\"d47d2b2\" data-element_type=\"widget\" data-widget_type=\"text-editor.default\">\n\t\t\t\t<div class=\"elementor-widget-container\">\n\t\t\t\t\t\t\t\t\t<p><strong>Hotel Alavus<\/strong> is located 5 minutes by car from Keskinen Kyl\u00e4kauppa. In a friendly hotel with 18 rooms, you are in the middle of the rally events.<\/p><p>Official Rally party will be organised at the hotel on Saturday night. 1-3 person rooms available. The room prices do not include breakfast, but the room offers instant coffee and a cool cabinet for storing your own snacks.<br \/>Book accommodation<br \/><strong>www.hotellialavus.fi.<\/strong><\/p><p>Hotel Alavus sauna reservations and additional information<br \/><strong>Tel. 010 770 7003<\/strong><br \/><a href=\"mailto:hotellialavus@tuuri.fi\"><strong>hotellialavus@tuuri.fi<\/strong><\/a><\/p>\t\t\t\t\t\t\t\t<\/div>\n\t\t\t\t<\/div>\n\t\t\t\t<\/div>\n\t\t\t\t\t<\/div>\n\t\t\t\t<\/div>\n\t\t<div class=\"elementor-element elementor-element-b55b798 e-flex e-con-boxed e-con e-parent\" data-id=\"b55b798\" data-element_type=\"container\">\n\t\t\t\t\t<div class=\"e-con-inner\">\n\t\t<div class=\"elementor-element elementor-element-e751f3a e-con-full e-flex e-con e-child\" data-id=\"e751f3a\" data-element_type=\"container\">\n\t\t\t\t<div class=\"elementor-element elementor-element-77e4c59 elementor-widget elementor-widget-heading\" data-id=\"77e4c59\" data-element_type=\"widget\" data-widget_type=\"heading.default\">\n\t\t\t\t<div class=\"elementor-widget-container\">\n\t\t\t\t\t<h3 class=\"elementor-heading-title elementor-size-default\">Hotelli Onnen T\u00e4hti<\/h3>\t\t\t\t<\/div>\n\t\t\t\t<\/div>\n\t\t\t\t<div class=\"elementor-element elementor-element-971235a elementor-widget elementor-widget-text-editor\" data-id=\"971235a\" data-element_type=\"widget\" data-widget_type=\"text-editor.default\">\n\t\t\t\t<div class=\"elementor-widget-container\">\n\t\t\t\t\t\t\t\t\t<p><b>Hotelli OnnenT\u00e4hti<\/b> on ainutlaatuinen ja upea majoituskohde, aivan rallien l\u00e4ht\u00f6- ja maalialueen ytimess\u00e4 Keskisen Kyl\u00e4kaupan yhteydess\u00e4. <br \/>Majoitustiedustelut ja varaukset<\/p><p><strong>Puh.\u00a0 010 770 7002<\/strong><br \/><strong><a href=\"mailto:onnentahti@tuuri.fi\" target=\"_blank\" rel=\"noopener\"><span class=\"s1\">onnentahti@tuuri.fi<\/span><\/a><br \/><\/strong><strong><a href=\"https:\/\/tuuri.fi\/majoitu\/\" target=\"_blank\" rel=\"noopener\"><span class=\"s1\">https:\/\/tuuri.fi\/majoitu\/<\/span><\/a><\/strong><\/p>\t\t\t\t\t\t\t\t<\/div>\n\t\t\t\t<\/div>\n\t\t\t\t<\/div>\n\t\t<div class=\"elementor-element elementor-element-8c28c5b e-con-full e-flex e-con e-child\" data-id=\"8c28c5b\" data-element_type=\"container\">\n\t\t\t\t<div class=\"elementor-element elementor-element-0c55e20 elementor-widget elementor-widget-heading\" data-id=\"0c55e20\" data-element_type=\"widget\" data-widget_type=\"heading.default\">\n\t\t\t\t<div class=\"elementor-widget-container\">\n\t\t\t\t\t<h3 class=\"elementor-heading-title elementor-size-default\">Hotel Onnen T\u00e4hti<\/h3>\t\t\t\t<\/div>\n\t\t\t\t<\/div>\n\t\t\t\t<div class=\"elementor-element elementor-element-738fa77 elementor-widget elementor-widget-text-editor\" data-id=\"738fa77\" data-element_type=\"widget\" data-widget_type=\"text-editor.default\">\n\t\t\t\t<div class=\"elementor-widget-container\">\n\t\t\t\t\t\t\t\t\t<p>Hotel OnnenT\u00e4hti is a unique and wonderful accommodation, right in the heart of the start and finish area of \u200b\u200bthe rally adjacent to Keskisen Kyl\u00e4kauppa department store.<br \/>Accommodation inquiries and reservations<\/p><p><strong>Tel. 010 770 7002<\/strong><br \/><a href=\"mailto:onnentahti@tuuri.fi\"><strong>onnentahti@tuuri.fi<\/strong><\/a><br \/><strong><a href=\"https:\/\/tuuri.fi\/majoitu\/\" target=\"_blank\" rel=\"noopener\">https:\/\/tuuri.fi\/majoitu\/<\/a><\/strong><\/p>\t\t\t\t\t\t\t\t<\/div>\n\t\t\t\t<\/div>\n\t\t\t\t<\/div>\n\t\t\t\t\t<\/div>\n\t\t\t\t<\/div>\n\t\t<div class=\"elementor-element elementor-element-9f05891 e-flex e-con-boxed e-con e-parent\" data-id=\"9f05891\" data-element_type=\"container\">\n\t\t\t\t\t<div class=\"e-con-inner\">\n\t\t<div class=\"elementor-element elementor-element-24d984c e-con-full e-flex e-con e-child\" data-id=\"24d984c\" data-element_type=\"container\">\n\t\t\t\t<div class=\"elementor-element elementor-element-248a9f9 elementor-widget elementor-widget-heading\" data-id=\"248a9f9\" data-element_type=\"widget\" data-widget_type=\"heading.default\">\n\t\t\t\t<div class=\"elementor-widget-container\">\n\t\t\t\t\t<h3 class=\"elementor-heading-title elementor-size-default\">Muuta majoitusta l\u00e4hialueella<\/h3>\t\t\t\t<\/div>\n\t\t\t\t<\/div>\n\t\t\t\t<\/div>\n\t\t<div class=\"elementor-element elementor-element-76a4739 e-con-full e-flex e-con e-child\" data-id=\"76a4739\" data-element_type=\"container\">\n\t\t\t\t<div class=\"elementor-element elementor-element-004b2f8 elementor-widget elementor-widget-heading\" data-id=\"004b2f8\" data-element_type=\"widget\" data-widget_type=\"heading.default\">\n\t\t\t\t<div class=\"elementor-widget-container\">\n\t\t\t\t\t<h3 class=\"elementor-heading-title elementor-size-default\">Other accommodation options<\/h3>\t\t\t\t<\/div>\n\t\t\t\t<\/div>\n\t\t\t\t<\/div>\n\t\t\t\t\t<\/div>\n\t\t\t\t<\/div>\n\t\t<div class=\"elementor-element elementor-element-35ef321 e-grid e-con-boxed e-con e-parent\" data-id=\"35ef321\" data-element_type=\"container\">\n\t\t\t\t\t<div class=\"e-con-inner\">\n\t\t\t\t<div class=\"elementor-element elementor-element-baeddd4 elementor-widget elementor-widget-text-editor\" data-id=\"baeddd4\" data-element_type=\"widget\" data-widget_type=\"text-editor.default\">\n\t\t\t\t<div class=\"elementor-widget-container\">\n\t\t\t\t\t\t\t\t\t<p><a href=\"https:\/\/heikintupa.fi\/\">Maatilamatkailu Heikin Tupa<\/a><\/p><p><a href=\"https:\/\/ahtaricamping.fi\/\">\u00c4ht\u00e4ri Camping<\/a><\/p><p><a href=\"https:\/\/valkeisenloma.com\/\">Valkeisen Loma<\/a><\/p><p><a href=\"https:\/\/hyvolantalo.com\/\">Hyv\u00f6l\u00e4n Talo<\/a><\/p><p><a href=\"https:\/\/naavaresort.fi\/\">Naava Resort<\/a><\/p><p class=\"elementor-heading-title elementor-size-default\"><a href=\"https:\/\/latvalamotorsport.com\/rallimuseo\/\">JM-rally Parc Ferm\u00e9<\/a><\/p>\t\t\t\t\t\t\t\t<\/div>\n\t\t\t\t<\/div>\n\t\t\t\t<div class=\"elementor-element elementor-element-6c2ff09 elementor-widget elementor-widget-text-editor\" data-id=\"6c2ff09\" data-element_type=\"widget\" data-widget_type=\"text-editor.default\">\n\t\t\t\t<div class=\"elementor-widget-container\">\n\t\t\t\t\t\t\t\t\t<p><a href=\"https:\/\/heikintupa.fi\/\">Maatilamatkailu Heikin Tupa<\/a><\/p><p><a href=\"https:\/\/ahtaricamping.fi\/\">\u00c4ht\u00e4ri Camping<\/a><\/p><p><a href=\"https:\/\/valkeisenloma.com\/\">Valkeisen Loma<\/a><\/p><p><a href=\"https:\/\/hyvolantalo.com\/\">Hyv\u00f6l\u00e4n Talo<\/a><\/p><p><a href=\"https:\/\/naavaresort.fi\/\">Naava Resort<\/a><\/p><p class=\"elementor-heading-title elementor-size-default\"><a href=\"https:\/\/latvalamotorsport.com\/rallimuseo\/\">JM-rally Parc Ferm\u00e9<\/a><\/p>\t\t\t\t\t\t\t\t<\/div>\n\t\t\t\t<\/div>\n\t\t\t\t\t<\/div>\n\t\t\t\t<\/div>\n\t\t<div class=\"elementor-element elementor-element-053d77b e-flex e-con-boxed e-con e-parent\" data-id=\"053d77b\" data-element_type=\"container\">\n\t\t\t\t\t<div class=\"e-con-inner\">\n\t\t\t\t<div class=\"elementor-element elementor-element-f20440e elementor-widget elementor-widget-heading\" data-id=\"f20440e\" data-element_type=\"widget\" data-widget_type=\"heading.default\">\n\t\t\t\t<div class=\"elementor-widget-container\">\n\t\t\t\t\t<h2 class=\"elementor-heading-title elementor-size-default\">TUURI RALLIN VIRALLISET JATKOT<\/h2>\t\t\t\t<\/div>\n\t\t\t\t<\/div>\n\t\t\t\t\t<\/div>\n\t\t\t\t<\/div>\n\t\t<div class=\"elementor-element elementor-element-8c1f373 e-flex e-con-boxed e-con e-parent\" data-id=\"8c1f373\" data-element_type=\"container\">\n\t\t\t\t\t<div class=\"e-con-inner\">\n\t\t\t\t<div class=\"elementor-element elementor-element-820fc2c elementor-widget elementor-widget-text-editor\" data-id=\"820fc2c\" data-element_type=\"widget\" data-widget_type=\"text-editor.default\">\n\t\t\t\t<div class=\"elementor-widget-container\">\n\t\t\t\t\t\t\t\t\t<p class=\"p1\">Tuuri Rallin viralliset vauhtijatkot vietet\u00e4\u00e4n perinteisesti legendaarisessa Hotelli Alavudessa la 7.2.\u00a0<a href=\"https:\/\/hotellialavus.fi\/events\/arttu-wiskari-4\/\">https:\/\/hotellialavus.fi\/events\/arttu-wiskari-4\/<\/a><\/p><p>Jatkoilla esiintyy Arttu Wiskari! Ennakkoliput <a href=\"https:\/\/www.tiketti.fi\/arttu-wiskari-ja-tuuri-historic-rallin-jatkot-hotelli-lippuja\/114357\">t\u00e4\u00e4lt\u00e4<\/a>!<\/p><p class=\"p1\"><\/p>\t\t\t\t\t\t\t\t<\/div>\n\t\t\t\t<\/div>\n\t\t\t\t\t<\/div>\n\t\t\t\t<\/div>\n\t\t<div class=\"elementor-element elementor-element-676b75c e-flex e-con-boxed e-con e-parent\" data-id=\"676b75c\" data-element_type=\"container\">\n\t\t\t\t\t<div class=\"e-con-inner\">\n\t\t\t\t<div class=\"elementor-element elementor-element-1ae3ab7 elementor-widget elementor-widget-image\" data-id=\"1ae3ab7\" data-element_type=\"widget\" data-widget_type=\"image.default\">\n\t\t\t\t<div class=\"elementor-widget-container\">\n\t\t\t\t\t\t\t\t\t\t\t\t\t\t\t<img fetchpriority=\"high\" decoding=\"async\" width=\"750\" height=\"563\" src=\"https:\/\/i0.wp.com\/tuuriralli.fi\/wp-content\/uploads\/2024\/02\/51760070472_5a86585a47_o.jpg?fit=750%2C563&amp;ssl=1\" class=\"attachment-large size-large wp-image-894\" alt=\"\" srcset=\"https:\/\/i0.wp.com\/tuuriralli.fi\/wp-content\/uploads\/2024\/02\/51760070472_5a86585a47_o.jpg?w=1824&amp;ssl=1 1824w, https:\/\/i0.wp.com\/tuuriralli.fi\/wp-content\/uploads\/2024\/02\/51760070472_5a86585a47_o.jpg?resize=300%2C225&amp;ssl=1 300w, https:\/\/i0.wp.com\/tuuriralli.fi\/wp-content\/uploads\/2024\/02\/51760070472_5a86585a47_o.jpg?resize=1024%2C768&amp;ssl=1 1024w, https:\/\/i0.wp.com\/tuuriralli.fi\/wp-content\/uploads\/2024\/02\/51760070472_5a86585a47_o.jpg?resize=768%2C576&amp;ssl=1 768w, https:\/\/i0.wp.com\/tuuriralli.fi\/wp-content\/uploads\/2024\/02\/51760070472_5a86585a47_o.jpg?resize=1536%2C1152&amp;ssl=1 1536w\" sizes=\"(max-width: 750px) 100vw, 750px\" \/>\t\t\t\t\t\t\t\t\t\t\t\t\t\t\t<\/div>\n\t\t\t\t<\/div>\n\t\t\t\t\t<\/div>\n\t\t\t\t<\/div>\n\t\t\t\t<\/div>\n\t\t","protected":false},"excerpt":{"rendered":"<p>Rallipaketit ja liput Rallipaketit: 25\u20ac\/kpl sis. sis\u00e4\u00e4np\u00e4\u00e4syn kaikille erikoiskokeille 2 henkil\u00f6lle EK-P\u00e4\u00e4sylippu: 10\u20ac (k\u00e4teinen ja Mobilepay) 12-vuotiaat ja sit\u00e4 nuoremmat p\u00e4\u00e4sev\u00e4t maksutta. Tickets Rallypackage:\u00a025\u20ac includes admission for 2 persons Single Special Stage ticket: 10\u20ac (cash and Mobilepay) Children 12 years and under free entry. Rallipakettien myyntipaikat 6.-7.2.2026 JM-Rally Parc Ferm\u00e9, [&hellip;]<\/p>\n","protected":false},"author":1,"featured_media":1242,"parent":0,"menu_order":0,"comment_status":"closed","ping_status":"closed","template":"page-templates\/template-fullwidth.php","meta":{"_monsterinsights_skip_tracking":false,"_monsterinsights_sitenote_active":false,"_monsterinsights_sitenote_note":"","_monsterinsights_sitenote_category":0,"footnotes":""},"class_list":["post-76","page","type-page","status-publish","has-post-thumbnail","hentry"],"jetpack_sharing_enabled":true,"_links":{"self":[{"href":"https:\/\/tuuriralli.fi\/index.php\/wp-json\/wp\/v2\/pages\/76","targetHints":{"allow":["GET"]}}],"collection":[{"href":"https:\/\/tuuriralli.fi\/index.php\/wp-json\/wp\/v2\/pages"}],"about":[{"href":"https:\/\/tuuriralli.fi\/index.php\/wp-json\/wp\/v2\/types\/page"}],"author":[{"embeddable":true,"href":"https:\/\/tuuriralli.fi\/index.php\/wp-json\/wp\/v2\/users\/1"}],"replies":[{"embeddable":true,"href":"https:\/\/tuuriralli.fi\/index.php\/wp-json\/wp\/v2\/comments?post=76"}],"version-history":[{"count":336,"href":"https:\/\/tuuriralli.fi\/index.php\/wp-json\/wp\/v2\/pages\/76\/revisions"}],"predecessor-version":[{"id":1734,"href":"https:\/\/tuuriralli.fi\/index.php\/wp-json\/wp\/v2\/pages\/76\/revisions\/1734"}],"wp:featuredmedia":[{"embeddable":true,"href":"https:\/\/tuuriralli.fi\/index.php\/wp-json\/wp\/v2\/media\/1242"}],"wp:attachment":[{"href":"https:\/\/tuuriralli.fi\/index.php\/wp-json\/wp\/v2\/media?parent=76"}],"curies":[{"name":"wp","href":"https:\/\/api.w.org\/{rel}","templated":true}]}}