{"id":80,"date":"2023-12-23T14:53:45","date_gmt":"2023-12-23T12:53:45","guid":{"rendered":"https:\/\/tuuriralli.fi\/?page_id=80"},"modified":"2026-02-03T12:08:02","modified_gmt":"2026-02-03T10:08:02","slug":"media","status":"publish","type":"page","link":"https:\/\/tuuriralli.fi\/index.php\/media\/","title":{"rendered":"Media"},"content":{"rendered":"\t\t<div data-elementor-type=\"wp-page\" data-elementor-id=\"80\" class=\"elementor elementor-80\" data-elementor-post-type=\"page\">\n\t\t\t\t<div class=\"elementor-element elementor-element-0c014b2 e-flex e-con-boxed e-con e-parent\" data-id=\"0c014b2\" data-element_type=\"container\">\n\t\t\t\t\t<div class=\"e-con-inner\">\n\t\t\t\t<div class=\"elementor-element elementor-element-c79c702 elementor-widget elementor-widget-image\" data-id=\"c79c702\" data-element_type=\"widget\" data-widget_type=\"image.default\">\n\t\t\t\t<div class=\"elementor-widget-container\">\n\t\t\t\t\t\t\t\t\t\t\t\t\t\t\t<img fetchpriority=\"high\" decoding=\"async\" width=\"750\" height=\"499\" src=\"https:\/\/i0.wp.com\/tuuriralli.fi\/wp-content\/uploads\/2025\/10\/LLM6768-scaled.jpg?fit=750%2C499&amp;ssl=1\" class=\"attachment-large size-large wp-image-1270\" alt=\"\" srcset=\"https:\/\/i0.wp.com\/tuuriralli.fi\/wp-content\/uploads\/2025\/10\/LLM6768-scaled.jpg?w=2560&amp;ssl=1 2560w, https:\/\/i0.wp.com\/tuuriralli.fi\/wp-content\/uploads\/2025\/10\/LLM6768-scaled.jpg?resize=300%2C200&amp;ssl=1 300w, https:\/\/i0.wp.com\/tuuriralli.fi\/wp-content\/uploads\/2025\/10\/LLM6768-scaled.jpg?resize=1024%2C681&amp;ssl=1 1024w, https:\/\/i0.wp.com\/tuuriralli.fi\/wp-content\/uploads\/2025\/10\/LLM6768-scaled.jpg?resize=768%2C511&amp;ssl=1 768w, https:\/\/i0.wp.com\/tuuriralli.fi\/wp-content\/uploads\/2025\/10\/LLM6768-scaled.jpg?resize=1536%2C1022&amp;ssl=1 1536w, https:\/\/i0.wp.com\/tuuriralli.fi\/wp-content\/uploads\/2025\/10\/LLM6768-scaled.jpg?resize=2048%2C1363&amp;ssl=1 2048w, https:\/\/i0.wp.com\/tuuriralli.fi\/wp-content\/uploads\/2025\/10\/LLM6768-scaled.jpg?resize=18%2C12&amp;ssl=1 18w, https:\/\/i0.wp.com\/tuuriralli.fi\/wp-content\/uploads\/2025\/10\/LLM6768-scaled.jpg?resize=360%2C240&amp;ssl=1 360w, https:\/\/i0.wp.com\/tuuriralli.fi\/wp-content\/uploads\/2025\/10\/LLM6768-scaled.jpg?w=2250&amp;ssl=1 2250w\" sizes=\"(max-width: 750px) 100vw, 750px\" \/>\t\t\t\t\t\t\t\t\t\t\t\t\t\t\t<\/div>\n\t\t\t\t<\/div>\n\t\t\t\t\t<\/div>\n\t\t\t\t<\/div>\n\t\t<div class=\"elementor-element elementor-element-c66b01e e-flex e-con-boxed e-con e-parent\" data-id=\"c66b01e\" data-element_type=\"container\">\n\t\t\t\t\t<div class=\"e-con-inner\">\n\t\t\t\t<div class=\"elementor-element elementor-element-dad05d9 elementor-widget elementor-widget-heading\" data-id=\"dad05d9\" data-element_type=\"widget\" data-widget_type=\"heading.default\">\n\t\t\t\t<div class=\"elementor-widget-container\">\n\t\t\t\t\t<h2 class=\"elementor-heading-title elementor-size-default\">Media<\/h2>\t\t\t\t<\/div>\n\t\t\t\t<\/div>\n\t\t\t\t\t<\/div>\n\t\t\t\t<\/div>\n\t\t<div class=\"elementor-element elementor-element-30f30a7 e-flex e-con-boxed e-con e-parent\" data-id=\"30f30a7\" data-element_type=\"container\">\n\t\t\t\t\t<div class=\"e-con-inner\">\n\t\t<div class=\"elementor-element elementor-element-7b3b04f e-con-full e-flex e-con e-child\" data-id=\"7b3b04f\" data-element_type=\"container\">\n\t\t\t\t<div class=\"elementor-element elementor-element-ddbd236 elementor-widget elementor-widget-text-editor\" data-id=\"ddbd236\" data-element_type=\"widget\" data-widget_type=\"text-editor.default\">\n\t\t\t\t<div class=\"elementor-widget-container\">\n\t\t\t\t\t\t\t\t\t<p>Median akkreditointi on p\u00e4\u00e4ttynyt.<\/p><p><span>Kilpailuun hyv\u00e4ksytyille median edustajille on l\u00e4hetetty p\u00e4\u00e4t\u00f6silmoitus s\u00e4hk\u00f6postilla.<\/span><\/p><p>Rallin tiedotusp\u00e4\u00e4llik\u00f6n l\u00f6yd\u00e4t kilpailun aikana kilpailutoimistosta Ruokapuodin aulasta.<\/p>\t\t\t\t\t\t\t\t<\/div>\n\t\t\t\t<\/div>\n\t\t\t\t<\/div>\n\t\t<div class=\"elementor-element elementor-element-07eb049 e-con-full e-flex e-con e-child\" data-id=\"07eb049\" data-element_type=\"container\">\n\t\t\t\t<div class=\"elementor-element elementor-element-25f7ec3 elementor-widget elementor-widget-text-editor\" data-id=\"25f7ec3\" data-element_type=\"widget\" data-widget_type=\"text-editor.default\">\n\t\t\t\t<div class=\"elementor-widget-container\">\n\t\t\t\t\t\t\t\t\t<p>Media accreditation form <a href=\"https:\/\/docs.google.com\/forms\/d\/e\/1FAIpQLSdAd-1NF9tDhmbq18PwICYqMvwQIGywBdMh6z8uPvTYCveuQw\/viewform?usp=dialog\">here<\/a> (in finnish).<\/p><p>Those accepted will receive notification via email.<\/p><p>If you need assistance during the competiton, contact secretary\/communications officer at the hedquarters in front of the Food Market.<\/p>\t\t\t\t\t\t\t\t<\/div>\n\t\t\t\t<\/div>\n\t\t\t\t<\/div>\n\t\t\t\t\t<\/div>\n\t\t\t\t<\/div>\n\t\t<div class=\"elementor-element elementor-element-8735c65 e-flex e-con-boxed e-con e-parent\" data-id=\"8735c65\" data-element_type=\"container\">\n\t\t\t\t\t<div class=\"e-con-inner\">\n\t\t\t\t<div class=\"elementor-element elementor-element-ec42530 elementor-widget-divider--view-line elementor-widget elementor-widget-divider\" data-id=\"ec42530\" data-element_type=\"widget\" data-widget_type=\"divider.default\">\n\t\t\t\t<div class=\"elementor-widget-container\">\n\t\t\t\t\t\t\t<div class=\"elementor-divider\">\n\t\t\t<span class=\"elementor-divider-separator\">\n\t\t\t\t\t\t<\/span>\n\t\t<\/div>\n\t\t\t\t\t\t<\/div>\n\t\t\t\t<\/div>\n\t\t\t\t\t<\/div>\n\t\t\t\t<\/div>\n\t\t<div class=\"elementor-element elementor-element-b506edd e-flex e-con-boxed e-con e-parent\" data-id=\"b506edd\" data-element_type=\"container\">\n\t\t\t\t\t<div class=\"e-con-inner\">\n\t\t<div class=\"elementor-element elementor-element-a3579d3 e-con-full e-flex e-con e-child\" data-id=\"a3579d3\" data-element_type=\"container\">\n\t\t\t\t<div class=\"elementor-element elementor-element-21a7c46 elementor-widget elementor-widget-heading\" data-id=\"21a7c46\" data-element_type=\"widget\" data-widget_type=\"heading.default\">\n\t\t\t\t<div class=\"elementor-widget-container\">\n\t\t\t\t\t<h2 class=\"elementor-heading-title elementor-size-default\">Tuuri Historic ralli<\/h2>\t\t\t\t<\/div>\n\t\t\t\t<\/div>\n\t\t\t\t<div class=\"elementor-element elementor-element-dfe11cb elementor-widget elementor-widget-text-editor\" data-id=\"dfe11cb\" data-element_type=\"widget\" data-widget_type=\"text-editor.default\">\n\t\t\t\t<div class=\"elementor-widget-container\">\n\t\t\t\t\t\t\t\t\t<p><a href=\"https:\/\/tuuriralli.fi\/wp-content\/uploads\/2026\/02\/Kilpailuun-hyvaksyttyjen-lista.pdf\">Kilpailuun hyv\u00e4ksytyt<\/a><\/p><p>L\u00e4ht\u00f6luettelo<\/p><p><a href=\"https:\/\/tuuriralli.fi\/wp-content\/uploads\/2026\/01\/Aikataulu-1.pdf\">Aikataulu<\/a><\/p><p>Katsojaopas<\/p><p><a href=\"https:\/\/hrcf.fi\/wp-content\/uploads\/2026\/01\/HRT-pistetilanteet_korjattu-kartturin-nimi.pdf\">Sarjapisteet<\/a><\/p><p>Turvallisuus: Lue turvallisuusohjeet <a href=\"https:\/\/tuuriralli.fi\/wp-content\/uploads\/2026\/01\/Turvallisuusohjeet.pdf\">t\u00e4st\u00e4<\/a>!<\/p>\t\t\t\t\t\t\t\t<\/div>\n\t\t\t\t<\/div>\n\t\t\t\t<\/div>\n\t\t<div class=\"elementor-element elementor-element-773e4f1 e-con-full e-flex e-con e-child\" data-id=\"773e4f1\" data-element_type=\"container\">\n\t\t\t\t<div class=\"elementor-element elementor-element-c39c94d elementor-widget elementor-widget-heading\" data-id=\"c39c94d\" data-element_type=\"widget\" data-widget_type=\"heading.default\">\n\t\t\t\t<div class=\"elementor-widget-container\">\n\t\t\t\t\t<h2 class=\"elementor-heading-title elementor-size-default\">Tuuri Historic ralli<\/h2>\t\t\t\t<\/div>\n\t\t\t\t<\/div>\n\t\t\t\t<div class=\"elementor-element elementor-element-7ec4819 elementor-widget elementor-widget-text-editor\" data-id=\"7ec4819\" data-element_type=\"widget\" data-widget_type=\"text-editor.default\">\n\t\t\t\t<div class=\"elementor-widget-container\">\n\t\t\t\t\t\t\t\t\t<p><a href=\"https:\/\/tuuriralli.fi\/wp-content\/uploads\/2026\/02\/Kilpailuun-hyvaksyttyjen-lista.pdf\">Entry list<\/a><\/p><p>Starting Lists<\/p><p><a href=\"https:\/\/tuuriralli.fi\/wp-content\/uploads\/2026\/01\/Aikataulu-1.pdf\">Aikataulu<\/a><\/p><p>Spectator\u2019s guide (in finnish)<\/p><p><a href=\"https:\/\/hrcf.fi\/wp-content\/uploads\/2026\/01\/HRT-pistetilanteet_korjattu-kartturin-nimi.pdf\">Standings<\/a><\/p><p>Safety: Please read safety instructions <a href=\"https:\/\/tuuriralli.fi\/wp-content\/uploads\/2024\/03\/Safety-guide.pdf\">here<\/a>!<\/p>\t\t\t\t\t\t\t\t<\/div>\n\t\t\t\t<\/div>\n\t\t\t\t<\/div>\n\t\t\t\t\t<\/div>\n\t\t\t\t<\/div>\n\t\t<div class=\"elementor-element elementor-element-8932dbd e-flex e-con-boxed e-con e-parent\" data-id=\"8932dbd\" data-element_type=\"container\">\n\t\t\t\t\t<div class=\"e-con-inner\">\n\t\t\t\t<div class=\"elementor-element elementor-element-18fcadd elementor-widget elementor-widget-heading\" data-id=\"18fcadd\" data-element_type=\"widget\" data-widget_type=\"heading.default\">\n\t\t\t\t<div class=\"elementor-widget-container\">\n\t\t\t\t\t<h3 class=\"elementor-heading-title elementor-size-default\">TUURI-RALLIN VIRALLISET JATKOT<\/h3>\t\t\t\t<\/div>\n\t\t\t\t<\/div>\n\t\t\t\t\t<\/div>\n\t\t\t\t<\/div>\n\t\t<div class=\"elementor-element elementor-element-99703be e-flex e-con-boxed e-con e-parent\" data-id=\"99703be\" data-element_type=\"container\">\n\t\t\t\t\t<div class=\"e-con-inner\">\n\t\t\t\t<div class=\"elementor-element elementor-element-c2de75e elementor-widget elementor-widget-text-editor\" data-id=\"c2de75e\" data-element_type=\"widget\" data-widget_type=\"text-editor.default\">\n\t\t\t\t<div class=\"elementor-widget-container\">\n\t\t\t\t\t\t\t\t\t<p class=\"p1\">Tuuri Rallin viralliset vauhtijatkot vietet\u00e4\u00e4n perinteisesti legendaarisessa Hotelli Alavudessa!<\/p><p><a href=\"https:\/\/hotellialavus.fi\/events\/arttu-wiskari-4\/\">https:\/\/hotellialavus.fi\/events\/arttu-wiskari-4\/<\/a><\/p><p class=\"p1\"><\/p>\t\t\t\t\t\t\t\t<\/div>\n\t\t\t\t<\/div>\n\t\t\t\t\t<\/div>\n\t\t\t\t<\/div>\n\t\t<div class=\"elementor-element elementor-element-2e14b8e e-flex e-con-boxed e-con e-parent\" data-id=\"2e14b8e\" data-element_type=\"container\">\n\t\t\t\t\t<div class=\"e-con-inner\">\n\t\t\t\t<div class=\"elementor-element elementor-element-2272acf elementor-widget elementor-widget-image\" data-id=\"2272acf\" data-element_type=\"widget\" data-widget_type=\"image.default\">\n\t\t\t\t<div class=\"elementor-widget-container\">\n\t\t\t\t\t\t\t\t\t\t\t\t\t\t\t<img decoding=\"async\" width=\"750\" height=\"563\" src=\"https:\/\/i0.wp.com\/tuuriralli.fi\/wp-content\/uploads\/2024\/02\/51760070472_5a86585a47_o.jpg?fit=750%2C563&amp;ssl=1\" class=\"attachment-large size-large wp-image-894\" alt=\"\" srcset=\"https:\/\/i0.wp.com\/tuuriralli.fi\/wp-content\/uploads\/2024\/02\/51760070472_5a86585a47_o.jpg?w=1824&amp;ssl=1 1824w, https:\/\/i0.wp.com\/tuuriralli.fi\/wp-content\/uploads\/2024\/02\/51760070472_5a86585a47_o.jpg?resize=300%2C225&amp;ssl=1 300w, https:\/\/i0.wp.com\/tuuriralli.fi\/wp-content\/uploads\/2024\/02\/51760070472_5a86585a47_o.jpg?resize=1024%2C768&amp;ssl=1 1024w, https:\/\/i0.wp.com\/tuuriralli.fi\/wp-content\/uploads\/2024\/02\/51760070472_5a86585a47_o.jpg?resize=768%2C576&amp;ssl=1 768w, https:\/\/i0.wp.com\/tuuriralli.fi\/wp-content\/uploads\/2024\/02\/51760070472_5a86585a47_o.jpg?resize=1536%2C1152&amp;ssl=1 1536w\" sizes=\"(max-width: 750px) 100vw, 750px\" \/>\t\t\t\t\t\t\t\t\t\t\t\t\t\t\t<\/div>\n\t\t\t\t<\/div>\n\t\t\t\t\t<\/div>\n\t\t\t\t<\/div>\n\t\t\t\t<\/div>\n\t\t","protected":false},"excerpt":{"rendered":"<p>Media Median akkreditointi on p\u00e4\u00e4ttynyt. Kilpailuun hyv\u00e4ksytyille median edustajille on l\u00e4hetetty p\u00e4\u00e4t\u00f6silmoitus s\u00e4hk\u00f6postilla. Rallin tiedotusp\u00e4\u00e4llik\u00f6n l\u00f6yd\u00e4t kilpailun aikana kilpailutoimistosta Ruokapuodin aulasta. Media accreditation form here (in finnish). Those accepted will receive notification via email. If you need assistance during the competiton, contact secretary\/communications officer at the hedquarters in front of [&hellip;]<\/p>\n","protected":false},"author":1,"featured_media":25,"parent":0,"menu_order":0,"comment_status":"closed","ping_status":"closed","template":"page-templates\/template-pagebuilder-full-width.php","meta":{"_monsterinsights_skip_tracking":false,"_monsterinsights_sitenote_active":false,"_monsterinsights_sitenote_note":"","_monsterinsights_sitenote_category":0,"footnotes":""},"class_list":["post-80","page","type-page","status-publish","has-post-thumbnail","hentry"],"jetpack_sharing_enabled":true,"_links":{"self":[{"href":"https:\/\/tuuriralli.fi\/index.php\/wp-json\/wp\/v2\/pages\/80","targetHints":{"allow":["GET"]}}],"collection":[{"href":"https:\/\/tuuriralli.fi\/index.php\/wp-json\/wp\/v2\/pages"}],"about":[{"href":"https:\/\/tuuriralli.fi\/index.php\/wp-json\/wp\/v2\/types\/page"}],"author":[{"embeddable":true,"href":"https:\/\/tuuriralli.fi\/index.php\/wp-json\/wp\/v2\/users\/1"}],"replies":[{"embeddable":true,"href":"https:\/\/tuuriralli.fi\/index.php\/wp-json\/wp\/v2\/comments?post=80"}],"version-history":[{"count":97,"href":"https:\/\/tuuriralli.fi\/index.php\/wp-json\/wp\/v2\/pages\/80\/revisions"}],"predecessor-version":[{"id":1692,"href":"https:\/\/tuuriralli.fi\/index.php\/wp-json\/wp\/v2\/pages\/80\/revisions\/1692"}],"wp:featuredmedia":[{"embeddable":true,"href":"https:\/\/tuuriralli.fi\/index.php\/wp-json\/wp\/v2\/media\/25"}],"wp:attachment":[{"href":"https:\/\/tuuriralli.fi\/index.php\/wp-json\/wp\/v2\/media?parent=80"}],"curies":[{"name":"wp","href":"https:\/\/api.w.org\/{rel}","templated":true}]}}